
{"id":117,"date":"2021-06-08T10:44:19","date_gmt":"2021-06-08T08:44:19","guid":{"rendered":"https:\/\/przedszkole109.edu.wroclaw.pl\/?page_id=117"},"modified":"2026-03-02T12:14:25","modified_gmt":"2026-03-02T11:14:25","slug":"oferta-placowki","status":"publish","type":"page","link":"https:\/\/przedszkole109.edu.wroclaw.pl\/index.php\/oferta-placowki\/","title":{"rendered":"Oferta plac\u00f3wki"},"content":{"rendered":"<div class=\"wpb-content-wrapper\"><p>[vc_row][vc_column][vc_column_text css=&#8221;&#8221;]Przedszkole usytuowane w dzielnicy \u015ar\u00f3dmie\u015bcie, w pobli\u017cu Parku im. prof. Stanis\u0142awa To\u0142py. Budynek wolnostoj\u0105cy &#8211; trzypi\u0119trowy, posiadaj\u0105cy w\u0142asny, zmodernizowany plac zabaw. Liczba miejsc w przedszkolu &#8211; 290. Liczba oddzia\u0142\u00f3w &#8211; 13. Do przedszkola ucz\u0119szczaj\u0105 dzieci niepe\u0142nosprawne oraz dzieci realizuj\u0105ce wczesne wspomaganie rozwoju.<\/p>\n<p>W przedszkolu zatrudnieni s\u0105 specjali\u015bci:<br \/>\n&#8211; muzykoterapeuta<br \/>\n&#8211; pedagodzy specjalni<br \/>\n&#8211; psycholog<br \/>\n&#8211; logopeda.<br \/>\nDzieci oczekuj\u0105ce wsparcia obj\u0119te s\u0105 pomoc\u0105 psychologiczno &#8211; pedagogiczn\u0105. Od X.2013r. dzia\u0142a Sala Do\u015bwiadczania \u015awiata, kt\u00f3ra zosta\u0142a finansowana przez Fundacj\u0119 Rosa. W roku 2018 zosta\u0142a otworzona Sala Rehabilitacyjna przeznaczona m.in. na terapi\u0119 Integracji Sensorycznej.<\/p>\n<p>W roku szkolnym 2017\/2018 Przedszkole realizowa\u0142o za\u0142o\u017cenia projektu <strong>&#8222;Edukacja przedszkolna bez barier &#8211; upowszechnienie i zapewnienie wysokiej jako\u015bci edukacji przedszkolnej w Gminie Wroc\u0142aw&#8221;<\/strong>. W ramach projektu dzieci uczestniczy\u0142y w zaj\u0119ciach z terapii sensorycznej, w przygotowywanej do tego celu sali, wyposa\u017conej w specjalistyczne urz\u0105dzenia,a cze\u015b\u0107 kadry naby\u0142a kwalifikacje w zakresie terapii integracji sensorycznej.<\/p>\n<p>OFERTA DODATKOWA<br \/>\n1. Zaj\u0119cia dodatkowe bezp\u0142atne:<br \/>\n&#8211; psychomotoryka<br \/>\n&#8211; katecheza<br \/>\n&#8211; muzykoterapia, arteterapia, psycholog, pedagog spec. dla dzieci z orzeczeniami,<br \/>\n&#8211; logopeda.<\/p>\n<p>2. Zaj\u0119cia dodatkowe p\u0142atne przez rodzic\u00f3w:<br \/>\n&#8211; pi\u0142ka no\u017cna<br \/>\n&#8211; gimnastyka korekcyjna<br \/>\n&#8211; taniec<br \/>\n&#8211; sztuki walki z gimnastyk\u0105 og\u00f3lnorozwojow\u0105<br \/>\n&#8211; basen.<br \/>\nZaj\u0119cia odbywaj\u0105 si\u0119 od godz. 15.00, rodzice podpisuj\u0105 umow\u0119 bezpo\u015brednio z firm\u0105 prowadz\u0105c\u0105; przedstawiciel firmy, na podstawie upowa\u017cnienia od rodzic\u00f3w, odbiera dzieci z grupy na zaj\u0119cia, a po zaj\u0119ciach rodzice odbieraj\u0105 dzieci &#8211; dzieci nie wracaj\u0105 do grupy.<\/p>\n<p>Przedszkole wsp\u00f3\u0142pracuje z uczelniami wy\u017cszymi. Dzieci z grup starszych odwiedzaj\u0105 Uniwersytet Przyrodniczy, gdzie uczestnicz\u0105 w zaj\u0119ciach ekologicznych. Dodatkowo przedszkole jest miejscem praktyk dla student\u00f3w Uniwersytetu Wroc\u0142awskiego, Kolegium J\u0119zyk\u00f3w Obcych, Akademii Medycznej, Dolno\u015bl\u0105skiej Szko\u0142y Wy\u017cszej. Jeste\u015bmy gospodarzami licznych konkurs\u00f3w, imprez \u015brodowiskowych m.in. Festiwalu Zdrowia.<br \/>\nPrzedszkole posiada nast\u0119puj\u0105ce certyfikaty:<br \/>\n&#8211; Certyfikat Przedszkola Promuj\u0105cego Zdrowie;<br \/>\n&#8211; Certyfikat Zdrowego i Racjonalnego \u017bywienia;<br \/>\n&#8211; Certyfikat Dzieciaki Mleczaki;<br \/>\n&#8211; Mi\u0119dzynarodowy certyfikat Eco-Schools (Zielona Flaga)<br \/>\n&#8211; Certyfikat Lokalne Centrum Aktywno\u015bci Ekologicznej<br \/>\n&#8211; Certyfikat \u2013 Turystyka edukacyjna jako spos\u00f3b realizacji programu kszta\u0142cenia w szko\u0142ach.<br \/>\n&#8211; Certyfikat przynale\u017cno\u015bci do Dolno\u015bl\u0105skiej Sieci Przedszkoli i Szk\u00f3\u0142 Ekologicznych.<\/p>\n<p>Przedszkole posiada tytu\u0142 Przedszkola Ma\u0142ego Misia zdobyty za uczestnictwo w og\u00f3lnopolskim projekcie &#8222;Ma\u0142y Mi\u015b w \u015bwiecie wielkiej literatury&#8221;.<br \/>\nWsp\u00f3\u0142pracujemy od wielu lat z Klinik\u0105 Stomatologii Estetycznej i Ortodoncji &#8222;ArtiDent&#8221; &#8211; program &#8222;Profilaktyka pr\u00f3chnicy u dzieci wieku przedszkolnym&#8221;.<\/p>\n<p>Dzi\u0119ki du\u017cej sali gimnastycznej ze scen\u0105 organizowane s\u0105 imprezy dla dzieci np. andrzejki, zabawa miko\u0142ajkowa, bal owocowo-jarzynowy, Festiwal Multiwitaminowy, bal karnawa\u0142owy itp.<\/p>\n<div style=\"width: 848px;\" class=\"wp-video\"><video class=\"wp-video-shortcode\" id=\"video-117-1\" width=\"848\" height=\"636\" preload=\"metadata\" controls=\"controls\"><source type=\"video\/mp4\" src=\"https:\/\/przedszkole109.edu.wroclaw.pl\/wp-content\/uploads\/sites\/64\/2026\/03\/filmik.mp4?_=1\" \/><a href=\"https:\/\/przedszkole109.edu.wroclaw.pl\/wp-content\/uploads\/sites\/64\/2026\/03\/filmik.mp4\">https:\/\/przedszkole109.edu.wroclaw.pl\/wp-content\/uploads\/sites\/64\/2026\/03\/filmik.mp4<\/a><\/video><\/div>\n<p>[\/vc_column_text][\/vc_column][\/vc_row][vc_row][vc_column][vc_gallery][\/vc_column][\/vc_row]<\/p>\n<\/div>","protected":false},"excerpt":{"rendered":"<p>[vc_row][vc_column][vc_column_text css=&#8221;&#8221;]Przedszkole usytuowane w dzielnicy \u015ar\u00f3dmie\u015bcie, w pobli\u017cu Parku im. prof. Stanis\u0142awa To\u0142py. Budynek wolnostoj\u0105cy &#8211; trzypi\u0119trowy, posiadaj\u0105cy w\u0142asny, zmodernizowany plac zabaw. Liczba miejsc w przedszkolu &#8211; 290. Liczba oddzia\u0142\u00f3w [&hellip;]<\/p>\n","protected":false},"author":15,"featured_media":0,"parent":0,"menu_order":0,"comment_status":"closed","ping_status":"closed","template":"","meta":{"ngg_post_thumbnail":0,"footnotes":""},"class_list":["post-117","page","type-page","status-publish","hentry","clearfix"],"_links":{"self":[{"href":"https:\/\/przedszkole109.edu.wroclaw.pl\/index.php\/wp-json\/wp\/v2\/pages\/117","targetHints":{"allow":["GET"]}}],"collection":[{"href":"https:\/\/przedszkole109.edu.wroclaw.pl\/index.php\/wp-json\/wp\/v2\/pages"}],"about":[{"href":"https:\/\/przedszkole109.edu.wroclaw.pl\/index.php\/wp-json\/wp\/v2\/types\/page"}],"author":[{"embeddable":true,"href":"https:\/\/przedszkole109.edu.wroclaw.pl\/index.php\/wp-json\/wp\/v2\/users\/15"}],"replies":[{"embeddable":true,"href":"https:\/\/przedszkole109.edu.wroclaw.pl\/index.php\/wp-json\/wp\/v2\/comments?post=117"}],"version-history":[{"count":3,"href":"https:\/\/przedszkole109.edu.wroclaw.pl\/index.php\/wp-json\/wp\/v2\/pages\/117\/revisions"}],"predecessor-version":[{"id":3999,"href":"https:\/\/przedszkole109.edu.wroclaw.pl\/index.php\/wp-json\/wp\/v2\/pages\/117\/revisions\/3999"}],"wp:attachment":[{"href":"https:\/\/przedszkole109.edu.wroclaw.pl\/index.php\/wp-json\/wp\/v2\/media?parent=117"}],"curies":[{"name":"wp","href":"https:\/\/api.w.org\/{rel}","templated":true}]}}