
{"id":16,"date":"2021-06-07T08:07:11","date_gmt":"2021-06-07T06:07:11","guid":{"rendered":"https:\/\/przedszkole109.edu.wroclaw.pl\/?page_id=16"},"modified":"2026-03-05T15:49:00","modified_gmt":"2026-03-05T14:49:00","slug":"strona-glowna","status":"publish","type":"page","link":"https:\/\/przedszkole109.edu.wroclaw.pl\/","title":{"rendered":"Strona g\u0142\u00f3wna"},"content":{"rendered":"<div class=\"wpb-content-wrapper\"><p>[vc_row][vc_column width=&#8221;1\/2&#8243;][vc_column_text css=&#8221;&#8221;]<span style=\"font-size: 14pt\">Przedszkole Nr 109 z oddzia\u0142ami integracyjnymi we Wroc\u0142awiu dysponuje 11 oddzia\u0142ami,\u00a0 w tym 7 oddzia\u0142\u00f3w to integracyjne oraz 1 oddzia\u0142 specjalny.<\/span><\/p>\n<div class=\"\">\n<div id=\":oc\" class=\"ii gt\">\n<div id=\":ob\" class=\"a3s aiL\">\n<div id=\"avWBGd-29\">\n<div dir=\"auto\"><span style=\"font-size: 14pt\">Do naszej plac\u00f3wki ucz\u0119szczaj\u0105 dzieci o zr\u00f3\u017cnicowanych potrzebach rozwojowych, w tym dzieci wymagaj\u0105ce dodatkowego wsparcia w rozwoju i edukacji.<\/span><\/div>\n<div dir=\"auto\">\n<p><em><span style=\"font-size: 14pt\">Tworzymy miejsce, w kt\u00f3rym ka\u017cde dziecko czuje si\u0119 wa\u017cne, akceptowane i bezpieczne.<\/span><\/em><\/p>\n<div dir=\"auto\"><span style=\"font-size: 14pt\">Naszym celem jest wspieranie wszechstronnego rozwoju dzieci w atmosferze \u017cyczliwo\u015bci, wzajemnego szacunku i wsp\u00f3\u0142pracy. Dbamy o to, aby ka\u017cde dziecko mog\u0142o rozwija\u0107 swoje zainteresowania, odkrywa\u0107 \u015bwiat oraz budowa\u0107 poczucie w\u0142asnej warto\u015bci. Du\u017c\u0105 wag\u0119 przywi\u0105zujemy do kszta\u0142towania postaw otwarto\u015bci, empatii i wra\u017cliwo\u015bci na potrzeby innych.<\/span><\/div>\n<div dir=\"auto\"><\/div>\n<div dir=\"auto\"><span style=\"font-size: 14pt\">Za\u0142o\u017cenia podstawy programowej realizowane s\u0105 we wszystkich grupach poprzez stwarzanie dzieciom warunk\u00f3w do swobodnej zabawy, organizacj\u0119 pobytu na \u015bwie\u017cym powietrzu oraz prowadzenie zaj\u0119\u0107 dydaktycznych i wychowawczych dostosowanych do mo\u017cliwo\u015bci i potrzeb dzieci.<\/span><\/div>\n<div dir=\"auto\"><span style=\"font-size: 14pt\">W\u015br\u00f3d form aktywno\u015bci dzieci na \u015bwie\u017cym powietrzu dominuj\u0105:<\/span><\/div>\n<div dir=\"auto\"><span style=\"font-size: 14pt\">\u2013 spacery,<\/span><\/div>\n<div dir=\"auto\"><span style=\"font-size: 14pt\">\u2013 obserwacje przyrodnicze w ogrodzie przedszkolnym, pobliskim parku oraz na okolicznych terenach zielonych,<\/span><\/div>\n<div dir=\"auto\"><span style=\"font-size: 14pt\">\u2013 gry i zabawy ruchowe \u2013 zar\u00f3wno organizowane przez nauczycieli, jak i spontaniczne zabawy dzieci.<\/span><\/div>\n<div dir=\"auto\"><\/div>\n<div dir=\"auto\"><span style=\"font-size: 14pt\">Staramy si\u0119, aby przedszkole by\u0142o miejscem radosnym i inspiruj\u0105cym, w kt\u00f3rym dzieci ka\u017cdego dnia zdobywaj\u0105 nowe do\u015bwiadczenia, ucz\u0105 si\u0119 wsp\u00f3\u0142pracy oraz rozwijaj\u0105 swoje talenty i pasje.<\/span><\/div>\n<div dir=\"auto\"><\/div>\n<div dir=\"auto\"><span style=\"font-size: 14pt\"><em><strong>A Wam Drodzy Rodzice zapewniamy \u017cyczliw\u0105 wsp\u00f3\u0142prac\u0119 oraz sta\u0142y kontakt z dyrekcj\u0105 i kadr\u0105 pedagogiczn\u0105. Wspieramy Pa\u0144stwa w procesie wychowania i rozwoju dzieci, s\u0142u\u017c\u0105c pomoc\u0105, rozmow\u0105 i wsp\u00f3lnym poszukiwaniem najlepszych rozwi\u0105za\u0144.\u00a0<\/strong><\/em><\/span><\/div>\n<\/div>\n<\/div>\n<\/div>\n<\/div>\n<\/div>\n<p><img loading=\"lazy\" decoding=\"async\" class=\"wp-image-4072 aligncenter\" src=\"https:\/\/przedszkole109.edu.wroclaw.pl\/wp-content\/uploads\/sites\/64\/2026\/03\/1000021688-300x200.png\" alt=\"\" width=\"806\" height=\"537\" srcset=\"https:\/\/przedszkole109.edu.wroclaw.pl\/wp-content\/uploads\/sites\/64\/2026\/03\/1000021688-300x200.png 300w, https:\/\/przedszkole109.edu.wroclaw.pl\/wp-content\/uploads\/sites\/64\/2026\/03\/1000021688-1024x683.png 1024w, https:\/\/przedszkole109.edu.wroclaw.pl\/wp-content\/uploads\/sites\/64\/2026\/03\/1000021688-768x512.png 768w, https:\/\/przedszkole109.edu.wroclaw.pl\/wp-content\/uploads\/sites\/64\/2026\/03\/1000021688.png 1536w\" sizes=\"auto, (max-width: 806px) 100vw, 806px\" \/><br \/>\n<!--more-->[\/vc_column_text][vc_column_text css=&#8221;&#8221;][\/vc_column_text][vc_video link=&#8221;&#8221; css=&#8221;&#8221;][vc_video link=&#8221;&#8221; css=&#8221;&#8221;][\/vc_column][vc_column width=&#8221;1\/2&#8243;][vc_column_text css=&#8221;&#8221;]<img loading=\"lazy\" decoding=\"async\" class=\"alignnone wp-image-4068\" src=\"https:\/\/przedszkole109.edu.wroclaw.pl\/wp-content\/uploads\/sites\/64\/2026\/03\/1000021686-200x300.png\" alt=\"\" width=\"786\" height=\"1179\" srcset=\"https:\/\/przedszkole109.edu.wroclaw.pl\/wp-content\/uploads\/sites\/64\/2026\/03\/1000021686-200x300.png 200w, https:\/\/przedszkole109.edu.wroclaw.pl\/wp-content\/uploads\/sites\/64\/2026\/03\/1000021686-683x1024.png 683w, https:\/\/przedszkole109.edu.wroclaw.pl\/wp-content\/uploads\/sites\/64\/2026\/03\/1000021686-768x1152.png 768w, https:\/\/przedszkole109.edu.wroclaw.pl\/wp-content\/uploads\/sites\/64\/2026\/03\/1000021686.png 1024w\" sizes=\"auto, (max-width: 786px) 100vw, 786px\" \/>[\/vc_column_text][\/vc_column][\/vc_row][vc_row css=&#8221;.vc_custom_1623135951652{margin-top: -70px !important;}&#8221;][vc_column][vc_raw_html]JTNDaDIlMjBzdHlsZSUzRCUyMmZvbnQtc2l6ZSUzQSUyMDM2cHglM0IlMjBjb2xvciUzQSUyMCUyM2RkMzg0NiUzQiUyMiUzRUFrdHVhbG5vJUM1JTlCY2klM0MlMkZoMiUzRQ==[\/vc_raw_html][\/vc_column][\/vc_row][vc_row][vc_column][vc_basic_grid post_type=&#8221;post&#8221; max_items=&#8221;8&#8243; element_width=&#8221;3&#8243; grid_id=&#8221;vc_gid:1772722121722-d5859dc3-a962-6&#8243; taxonomies=&#8221;1&#8243;][\/vc_column][\/vc_row][vc_row][vc_column][vc_column_text css=&#8221;&#8221;]I am text block. Click edit button to change this text. Lorem ipsum dolor sit amet, consectetur adipiscing elit. Ut elit tellus, luctus nec ullamcorper mattis, pulvinar dapibus leo.<\/p>\n<div style=\"width: 848px;\" class=\"wp-video\"><video class=\"wp-video-shortcode\" id=\"video-16-1\" width=\"848\" height=\"636\" preload=\"metadata\" controls=\"controls\"><source type=\"video\/mp4\" src=\"https:\/\/przedszkole109.edu.wroclaw.pl\/wp-content\/uploads\/sites\/64\/2026\/03\/filmik-1.mp4?_=1\" \/><a href=\"https:\/\/przedszkole109.edu.wroclaw.pl\/wp-content\/uploads\/sites\/64\/2026\/03\/filmik-1.mp4\">https:\/\/przedszkole109.edu.wroclaw.pl\/wp-content\/uploads\/sites\/64\/2026\/03\/filmik-1.mp4<\/a><\/video><\/div>\n<p>[\/vc_column_text][\/vc_column][\/vc_row]<\/p>\n<\/div>","protected":false},"excerpt":{"rendered":"<p>[vc_row][vc_column width=&#8221;1\/2&#8243;][vc_column_text css=&#8221;&#8221;]Przedszkole Nr 109 z oddzia\u0142ami integracyjnymi we Wroc\u0142awiu dysponuje 11 oddzia\u0142ami,\u00a0 w tym 7 oddzia\u0142\u00f3w to integracyjne oraz 1 oddzia\u0142 specjalny. Do naszej plac\u00f3wki ucz\u0119szczaj\u0105 dzieci o zr\u00f3\u017cnicowanych [&hellip;]<\/p>\n","protected":false},"author":15,"featured_media":0,"parent":0,"menu_order":0,"comment_status":"closed","ping_status":"closed","template":"","meta":{"ngg_post_thumbnail":0,"footnotes":""},"class_list":["post-16","page","type-page","status-publish","hentry","clearfix"],"_links":{"self":[{"href":"https:\/\/przedszkole109.edu.wroclaw.pl\/index.php\/wp-json\/wp\/v2\/pages\/16","targetHints":{"allow":["GET"]}}],"collection":[{"href":"https:\/\/przedszkole109.edu.wroclaw.pl\/index.php\/wp-json\/wp\/v2\/pages"}],"about":[{"href":"https:\/\/przedszkole109.edu.wroclaw.pl\/index.php\/wp-json\/wp\/v2\/types\/page"}],"author":[{"embeddable":true,"href":"https:\/\/przedszkole109.edu.wroclaw.pl\/index.php\/wp-json\/wp\/v2\/users\/15"}],"replies":[{"embeddable":true,"href":"https:\/\/przedszkole109.edu.wroclaw.pl\/index.php\/wp-json\/wp\/v2\/comments?post=16"}],"version-history":[{"count":33,"href":"https:\/\/przedszkole109.edu.wroclaw.pl\/index.php\/wp-json\/wp\/v2\/pages\/16\/revisions"}],"predecessor-version":[{"id":4076,"href":"https:\/\/przedszkole109.edu.wroclaw.pl\/index.php\/wp-json\/wp\/v2\/pages\/16\/revisions\/4076"}],"wp:attachment":[{"href":"https:\/\/przedszkole109.edu.wroclaw.pl\/index.php\/wp-json\/wp\/v2\/media?parent=16"}],"curies":[{"name":"wp","href":"https:\/\/api.w.org\/{rel}","templated":true}]}}