
{"id":199,"date":"2021-07-18T23:02:22","date_gmt":"2021-07-18T21:02:22","guid":{"rendered":"https:\/\/przedszkole109.edu.wroclaw.pl\/?page_id=199"},"modified":"2026-03-05T14:46:59","modified_gmt":"2026-03-05T13:46:59","slug":"dla-rodzicow","status":"publish","type":"page","link":"https:\/\/przedszkole109.edu.wroclaw.pl\/index.php\/dla-rodzicow\/","title":{"rendered":"Dla Rodzic\u00f3w"},"content":{"rendered":"<div class=\"wpb-content-wrapper\"><p>[vc_row][vc_column][vc_tta_tabs style=&#8221;modern&#8221; color=&#8221;vista-blue&#8221; active_section=&#8221;1&#8243;][vc_tta_section title=&#8221;Dokumenty&#8221; tab_id=&#8221;1626641527456-680f5531-d8fa&#8221;][vc_column_text css=&#8221;&#8221;]<span style=\"font-size: 18pt\">DOKUMENTY NA ROK 2025\/2026<\/span><\/p>\n<p><a href=\"https:\/\/przedszkole109.edu.wroclaw.pl\/wp-content\/uploads\/sites\/64\/2025\/08\/Deklaracja-pobytu-dziecka-w-przedszklu-2025-2026.pdf\">Deklaracja pobytu dziecka w przedszklu 2025-2026<\/a><\/p>\n<p><a href=\"https:\/\/przedszkole109.edu.wroclaw.pl\/wp-content\/uploads\/sites\/64\/2024\/08\/Upowaznienie-do-odbioru-dziecka.pdf\">Upowa\u017cnienie do odbioru dziecka (pdf165KB)<\/a><\/p>\n<p><a href=\"https:\/\/przedszkole109.edu.wroclaw.pl\/wp-content\/uploads\/sites\/64\/2024\/08\/Wniosek-dla-rodzin-wielodzietnych-wniosek-o-zwolnienie-z-oplat-za-przedszkole.pdf\">Wniosek dla rodzin wielodzietnych wniosek o zwolnienie z op\u0142at za przedszkole (pdf178KB)<\/a><\/p>\n<p><a href=\"https:\/\/przedszkole109.edu.wroclaw.pl\/wp-content\/uploads\/sites\/64\/2024\/08\/Informacja-o-szkole-podstawowej.pdf\">Informacja o szkole podstawowej (pdf260KB) <\/a>&#8211; <strong>dotyczy dzieci z rocznika 2019<\/strong><\/p>\n<p><a href=\"https:\/\/przedszkole109.edu.wroclaw.pl\/wp-content\/uploads\/sites\/64\/2024\/08\/Zgloszenie-na-udzial-w-lekcjach-religii.pdf\">Zg\u0142oszenie na udzia\u0142 w lekcjach religii (pdf164KB)<\/a><\/p>\n<p><a href=\"https:\/\/przedszkole109.edu.wroclaw.pl\/wp-content\/uploads\/sites\/64\/2024\/08\/Zgoda-na-wizerunek-na-stronie-internetowej.pdf\">Zgoda na wizerunek na stronie internetowej (pdf171KB)<\/a><\/p>\n<p><a href=\"https:\/\/przedszkole109.edu.wroclaw.pl\/wp-content\/uploads\/sites\/64\/2024\/08\/Zgoda-na-wyjscia-i-wycieczki.pdf\">Zgoda na wyj\u015bcia i wycieczki (pdf188K)<\/a><\/p>\n<p><a href=\"https:\/\/przedszkole109.edu.wroclaw.pl\/wp-content\/uploads\/sites\/64\/2025\/08\/diety-i-nietolerancje-pokarmowe-ROK-SZKOLNY-2025-1.docx\">Diety i nietolerancje pokarmowe ROK SZKOLNY 2025 \u00a0<\/a><\/p>\n<p><a href=\"https:\/\/przedszkole109.edu.wroclaw.pl\/wp-content\/uploads\/sites\/64\/2026\/03\/KONTYNUACJA-P.docx\">\u00a0KONTYNUACJA &#8211; P\u00a0 &#8211; Wola kontynuacji 2026\/27\u00a0<\/a><\/p>\n<p>[\/vc_column_text][\/vc_tta_section][vc_tta_section title=&#8221;Procedury&#8221; tab_id=&#8221;1630268142457-87f9d270-1a31&#8243;][vc_column_text css=&#8221;&#8221;]<a href=\"https:\/\/przedszkole109.edu.wroclaw.pl\/wp-content\/uploads\/sites\/64\/2021\/08\/naliczanie-rozliczanie-i-windykacja-naleznosci.pdf\">Naliczanie rozliczanie i windykacja naleznosci (pdf320KB)<\/a><\/p>\n<p><a href=\"https:\/\/przedszkole109.edu.wroclaw.pl\/wp-content\/uploads\/sites\/64\/2024\/09\/Procedura-w-przypadku-odebrania-dziecka-przez-osoby-pod-wplywem-alkoholu-i-srdoko-odurzajacych.pdf\">Procedura w przypadku odebrania dziecka przez osoby pod wp\u0142ywem alkoholu i \u015brodk\u00f3w odurzajacych<\/a><\/p>\n<p><a href=\"https:\/\/przedszkole109.edu.wroclaw.pl\/wp-content\/uploads\/sites\/64\/2024\/09\/Procedura-w-przypadku-nieodebrania-dziecka.pdf\">Procedura w przypadku nieodebrania dziecka<\/a><\/p>\n<p><a href=\"https:\/\/przedszkole109.edu.wroclaw.pl\/wp-content\/uploads\/sites\/64\/2024\/09\/Regulamin-przyprowadzania-i-odbierania-dzieci.pdf\">Regulamin przyprowadzania i odbierania dzieci<\/a><\/p>\n<p><a href=\"https:\/\/przedszkole109.edu.wroclaw.pl\/wp-content\/uploads\/sites\/64\/2024\/09\/Zasady-elektronicznej-ewidencji-czasu-pobytu-dziacka.pdf\">Zasady elektronicznej ewidencji czasu pobytu dziecka<\/a><\/p>\n<p><a href=\"https:\/\/przedszkole109.edu.wroclaw.pl\/wp-content\/uploads\/sites\/64\/2024\/09\/zasady-przetwarzania-danych-osobowych-w-zwiazku-z-rekrutacja-dziecka.pdf\">Zasady przetwarzania danych osobowych w zwi\u0105zku z rekrutacj\u0105 dziecka<\/a><\/p>\n<p><a href=\"https:\/\/przedszkole109.edu.wroclaw.pl\/wp-content\/uploads\/sites\/64\/2024\/09\/Standardy-ochrony-nieletnich.pdf\">Standardy ochrony nieletnich<\/a><\/p>\n<p><a href=\"https:\/\/przedszkole109.edu.wroclaw.pl\/wp-content\/uploads\/sites\/64\/2025\/11\/standardy-dla-dzieci.pdf\">standardy dla dzieci<\/a>[\/vc_column_text][\/vc_tta_section][vc_tta_section title=&#8221;Jad\u0142ospis&#8221; tab_id=&#8221;1626641527479-3fc415f6-d8c1&#8243;][vc_column_text css=&#8221;&#8221;]<\/p>\n<p style=\"text-align: center\"><span style=\"font-size: 36pt;color: #0000ff\"> <img loading=\"lazy\" decoding=\"async\" class=\"wp-image-809 alignnone\" src=\"https:\/\/przedszkole109.edu.wroclaw.pl\/wp-content\/uploads\/sites\/64\/2021\/11\/259581984_247269174135460_2152621961616266377_n-225x300.jpg\" alt=\"\" width=\"188\" height=\"250\" srcset=\"https:\/\/przedszkole109.edu.wroclaw.pl\/wp-content\/uploads\/sites\/64\/2021\/11\/259581984_247269174135460_2152621961616266377_n-225x300.jpg 225w, https:\/\/przedszkole109.edu.wroclaw.pl\/wp-content\/uploads\/sites\/64\/2021\/11\/259581984_247269174135460_2152621961616266377_n-600x800.jpg 600w, https:\/\/przedszkole109.edu.wroclaw.pl\/wp-content\/uploads\/sites\/64\/2021\/11\/259581984_247269174135460_2152621961616266377_n.jpg 720w\" sizes=\"auto, (max-width: 188px) 100vw, 188px\" \/>\u00a0 \u00a0 \u00a0 \u00a0 JAD\u0141OSPIS\u00a0 \u00a0 \u00a0 \u00a0 <img loading=\"lazy\" decoding=\"async\" class=\"alignnone wp-image-810\" src=\"https:\/\/przedszkole109.edu.wroclaw.pl\/wp-content\/uploads\/sites\/64\/2021\/11\/259493216_975968569681256_7933474694493247714_n-225x300.jpg\" alt=\"\" width=\"188\" height=\"250\" srcset=\"https:\/\/przedszkole109.edu.wroclaw.pl\/wp-content\/uploads\/sites\/64\/2021\/11\/259493216_975968569681256_7933474694493247714_n-225x300.jpg 225w, https:\/\/przedszkole109.edu.wroclaw.pl\/wp-content\/uploads\/sites\/64\/2021\/11\/259493216_975968569681256_7933474694493247714_n-600x800.jpg 600w, https:\/\/przedszkole109.edu.wroclaw.pl\/wp-content\/uploads\/sites\/64\/2021\/11\/259493216_975968569681256_7933474694493247714_n.jpg 720w\" sizes=\"auto, (max-width: 188px) 100vw, 188px\" \/><\/span><\/p>\n<p>13.01 &#8211; 17.01<\/p>\n<p><a href=\"https:\/\/przedszkole109.edu.wroclaw.pl\/wp-content\/uploads\/sites\/64\/2025\/01\/jadlospis-13.01-17.01.docx\">jad\u0142ospis 13.01-17.01 (docx19KB)<\/a><\/p>\n<p><a href=\"https:\/\/przedszkole109.edu.wroclaw.pl\/wp-content\/uploads\/sites\/64\/2025\/01\/jadlospis-diety-1.docx\">jad\u0142ospis diety (docx25KB)<\/a><\/p>\n<p>07.01 &#8211; 10.01.2025<\/p>\n<p><a href=\"https:\/\/przedszkole109.edu.wroclaw.pl\/wp-content\/uploads\/sites\/64\/2025\/01\/jadlospis-07.01-10.01.docx\">jad\u0142ospis 07.01-10.01 (docx19KB)<\/a><\/p>\n<p><a href=\"https:\/\/przedszkole109.edu.wroclaw.pl\/wp-content\/uploads\/sites\/64\/2025\/01\/jadlospis-diety.docx\">jad\u0142ospis diety (docx24KB)<\/a><\/p>\n<p>04.11 &#8211; 08.11.2024<\/p>\n<p><a href=\"https:\/\/przedszkole109.edu.wroclaw.pl\/wp-content\/uploads\/sites\/64\/2024\/11\/jadlospis-04.11-08.11.docx\">jad\u0142ospis 04.11-08.11 (docx18KB)<\/a><\/p>\n<p><a href=\"https:\/\/przedszkole109.edu.wroclaw.pl\/wp-content\/uploads\/sites\/64\/2024\/11\/jadlospis-diety.docx\">jad\u0142ospis diety (docx25KB)<\/a><\/p>\n<p>14.10-18.10.2024<\/p>\n<p><a href=\"https:\/\/przedszkole109.edu.wroclaw.pl\/wp-content\/uploads\/sites\/64\/2024\/10\/jadlospis-14.10-18.10.docx\">jad\u0142ospis 14.10-18.10<\/a><\/p>\n<p><a href=\"https:\/\/przedszkole109.edu.wroclaw.pl\/wp-content\/uploads\/sites\/64\/2024\/10\/jadlospis-diety-1.docx\">jad\u0142ospis diety<\/a><\/p>\n<p>30.09-4.10<\/p>\n<p><a href=\"https:\/\/przedszkole109.edu.wroclaw.pl\/wp-content\/uploads\/sites\/64\/2024\/10\/jadlospis-30.10-04.10.docx\">jad\u0142ospis 30.10-04.10 (docx18KB)<\/a><\/p>\n<p><a href=\"https:\/\/przedszkole109.edu.wroclaw.pl\/wp-content\/uploads\/sites\/64\/2024\/10\/jadlospis-diety.docx\">jad\u0142ospis diety (docx24KB)<\/a><\/p>\n<p>23.09-27.09.2024<\/p>\n<p><a href=\"https:\/\/przedszkole109.edu.wroclaw.pl\/wp-content\/uploads\/sites\/64\/2024\/09\/jadlospis-23.09-27.09.docx\">jad\u0142ospis 23.09-27.09 (dox18KB)<\/a><\/p>\n<p><a href=\"https:\/\/przedszkole109.edu.wroclaw.pl\/wp-content\/uploads\/sites\/64\/2024\/09\/jadlospis-diety-3.docx\">jad\u0142ospis diety (dox24KB)<\/a><\/p>\n<p>16.09-20.09.2024<\/p>\n<p><a href=\"https:\/\/przedszkole109.edu.wroclaw.pl\/wp-content\/uploads\/sites\/64\/2024\/09\/jadlospis-16.09-20.09-1.docx\">jad\u0142ospis 16.09-20.09 (docx18KB)<\/a><\/p>\n<p><a href=\"https:\/\/przedszkole109.edu.wroclaw.pl\/wp-content\/uploads\/sites\/64\/2024\/09\/jadlospis-diety-2.docx\">jad\u0142ospis diety (docx24KB)<\/a><\/p>\n<p>09.09-13.09.2024<\/p>\n<p><a href=\"https:\/\/przedszkole109.edu.wroclaw.pl\/wp-content\/uploads\/sites\/64\/2024\/09\/jadlospis-09.09-13.09.docx\">jad\u0142ospis 09.09-13.09 (docx18KB)<\/a><\/p>\n<p><a href=\"https:\/\/przedszkole109.edu.wroclaw.pl\/wp-content\/uploads\/sites\/64\/2024\/09\/jadlospis-diety-1.docx\">jad\u0142ospis diety (docx16KB)<\/a><\/p>\n<p>02.09-06.09.2024<\/p>\n<p><a href=\"https:\/\/przedszkole109.edu.wroclaw.pl\/wp-content\/uploads\/sites\/64\/2024\/09\/jadlospis-diety.docx\">jad\u0142ospis diety<\/a><\/p>\n<p><a href=\"https:\/\/przedszkole109.edu.wroclaw.pl\/wp-content\/uploads\/sites\/64\/2024\/09\/jadlospis-02.09-06.09.docx\">jad\u0142ospis 02.09-06.09<\/a>[\/vc_column_text][\/vc_tta_section][vc_tta_section title=&#8221;Rekrutacja&#8221; tab_id=&#8221;1626642096640-88074cac-5104&#8243;][vc_column_text css=&#8221;&#8221;]<span style=\"font-size: 14pt\">REKRUTACJA NA ROK 2025\/2026<br \/>\n<\/span><\/p>\n<p class=\"text-center text-center text-center text-center text-center text-center text-center text-center\" style=\"text-align: left\"><strong class=\"font-medium\">Rekrutacja do przedszkoli i oddzia\u0142\u00f3w przedszkolnych w szko\u0142ach podstawowych:<br \/>\n<\/strong>&#8211; rozpocz\u0119cie\u00a0<span class=\"text-supporting-15\"><strong class=\"font-medium\">20<\/strong>\u00a0<strong class=\"font-medium\">marca 2025 r. o godzinie 12:00<\/strong><\/span><strong class=\"font-medium\">.<br \/>\n<\/strong>&#8211; zako\u0144czenie\u00a0<span class=\"text-supporting-15\"><strong class=\"font-medium\">27 marca 2025 r. o godzinie 15:00<\/strong><\/span><strong class=\"font-medium\">.<\/strong><\/p>\n<p class=\"text-center text-center text-center text-center text-center text-center text-center text-center\" style=\"text-align: left\"><strong class=\"font-medium\">Rekrutacja na wolne miejsca do przedszkoli i oddzia\u0142\u00f3w przedszkolnych w szko\u0142ach podstawowych:<br \/>\n<\/strong>&#8211; rozpocz\u0119cie\u00a0<span class=\"text-supporting-14\"><strong class=\"font-medium\">21 maja 2025 r. o godzinie 12:00<\/strong><\/span><strong class=\"font-medium\">.<\/strong><br \/>\n&#8211; zako\u0144czenie\u00a0<span class=\"text-supporting-15\"><strong class=\"font-medium\">23 maja 2025 r. o godzinie 15:00<\/strong><\/span><strong class=\"font-medium\">.<\/strong><\/p>\n<p><strong>Wniosek rekrutacyjny<\/strong> sk\u0142ada si\u0119 w systemie elektronicznym na portalu\u00a0<a href=\"http:\/\/rekrutacje.edu.wroclaw.pl\/\" target=\"_blank\" rel=\"noopener\">http:\/\/rekrutacje.edu.wroclaw.pl<\/a>\u00a0lub w formie papierowej bezpo\u015brednio w plac\u00f3wce pierwszego wyboru.<\/p>\n<p><strong>Sk\u0142adanie woli kontynuacji<\/strong> &#8211; rodzice dzieci ucz\u0119szczaj\u0105cych do plac\u00f3wki <strong>10.03. &#8211; 12.03.2025 r.<\/strong> !!!<br \/>\n<a href=\"https:\/\/przedszkole109.edu.wroclaw.pl\/wp-content\/uploads\/sites\/64\/2025\/03\/deklaracja-woli-kontynuacji-na-rok-2025-2026.pdf\">DEKLARACJA WOLI O KONTYNUOWANIU WYCHOWANIA PRZEDSZKOLNEGO<\/a><\/p>\n<p><a href=\"https:\/\/przedszkole109.edu.wroclaw.pl\/wp-content\/uploads\/sites\/64\/2024\/08\/7e.-Klauzula-rekrutacja-dziecka-do-placowki-oswiatowej-1.docx\">7e.-Klauzula-rekrutacja-dziecka-do-placowki-oswiatowej (pdf39KB)<\/a><\/p>\n<p>[\/vc_column_text][\/vc_tta_section][vc_tta_section title=&#8221;Rada Rodzic\u00f3w&#8221; tab_id=&#8221;1626642113239-f6c0f348-132d&#8221;][vc_column_text css=&#8221;&#8221;]W roku szkolnym 2023\/2024 Rada Rodzic\u00f3w ustali\u0142a sk\u0142adk\u0119 wysoko\u015bci<strong> 8<\/strong><span style=\"font-size: 14pt\"><strong>0 z\u0142<\/strong><\/span> od rodziny.<\/p>\n<p>Sk\u0142adk\u0119 wp\u0142aca\u0107 mo\u017cna u skarbnika w grupie dziecka. Za zebrane pieni\u0105\u017cki zostan\u0105 zakupione paczki miko\u0142ajkowe, zorganizowany Dzie\u0144 Dziecka itp. dzia\u0142ania na rzecz dzieci.<\/p>\n<p>&nbsp;<\/p>\n<p>&nbsp;<\/p>\n<p>Dzi\u0119kujemy<\/p>\n<p>SERDECZNIE DZI\u0118KUJEMY PA\u0143STWU ZA \u017bYCZENIA I MI\u0141Y UPOMINEK Z OKAZJI DNIA NAUCZYCIELA.<br \/>\nDyrektor i Pracownicy Przedszkola.[\/vc_column_text][\/vc_tta_section][vc_tta_section title=&#8221;Sprawozdania&#8221; tab_id=&#8221;1684932667090-8bea6be5-03b6&#8243;][vc_column_text]&#8221;Sprawozdanie finansowe jednostki za rok 2023 zosta\u0142o opublikowane<br \/>\nna stronie https:\/\/bip.cui.wroclaw.pl\/ w zak\u0142adce Sprawozdania<br \/>\nfinansowe obs\u0142ugiwanych jednostek o\u015bwiatowych&#8221;[\/vc_column_text][\/vc_tta_section][vc_tta_section title=&#8221;Projekty&#8221; tab_id=&#8221;1723098083643-324946b0-e509&#8243;][vc_single_image image=&#8221;2138&#8243; img_size=&#8221;large&#8221; alignment=&#8221;center&#8221; css=&#8221;&#8221;][vc_column_text css=&#8221;&#8221;]<span style=\"font-size: 18pt\"><strong>\u201eWielki Ma\u0142y Przedszkolak &#8211; rozw\u00f3j edukacji przedszkolnej w Gminie Wroc\u0142aw\u201d<\/strong><\/span><\/p>\n<p>DOKUMENTY:<\/p>\n<p><a href=\"https:\/\/przedszkole109.edu.wroclaw.pl\/wp-content\/uploads\/sites\/64\/2024\/09\/Regulamin-rekrutacji-i-uczestnictwa-w-Projekcie.pdf\">Regulamin rekrutacji i uczestnictwa w Projekcie (pdf2MB)<\/a><\/p>\n<p><a href=\"https:\/\/przedszkole109.edu.wroclaw.pl\/wp-content\/uploads\/sites\/64\/2024\/09\/Zalacznik-nr-1_Formularz-zgloszeniowy_Deklaracja-udzialu_dziecko_P109.pdf\">Za\u0142\u0105cznik nr 1_Formularz zg\u0142oszeniowy_Deklaracja udzia\u0142u_dziecko_P109 (pdf298KB)<\/a><\/p>\n<p><a href=\"https:\/\/przedszkole109.edu.wroclaw.pl\/wp-content\/uploads\/sites\/64\/2024\/09\/Zalacznik-nr-2_Formularz-zgloszeniowy_Deklaracja-udzialu_nauczyciel.pdf\">Za\u0142\u0105cznik nr 2_Formularz zg\u0142oszeniowy_Deklaracja udzia\u0142u_nauczyciel (pdf368KB)<\/a><\/p>\n<p>&nbsp;<\/p>\n<p>\u0179r\u00f3d\u0142o finansowania:<\/p>\n<p>Program Fundusze Europejskie dla Dolnego \u015al\u0105ska 2021-2027 wsp\u00f3\u0142finansowany ze \u015brodk\u00f3w Europejskiego Funduszu Spo\u0142ecznego Plus<\/p>\n<p>Priorytet nr 8 Fundusze Europejskie dla edukacji na Dolnym \u015al\u0105sku<\/p>\n<p>Dzia\u0142anie nr FEDS.08.01 Dost\u0119p do edukacji<\/p>\n<p>&nbsp;<\/p>\n<p>Cel projektu:<\/p>\n<p>Zwi\u0119kszenie dost\u0119pno\u015bci miejsc przedszkolnych w 2 przedszkolach oraz podniesienie jako\u015bci wychowania przedszkolnego w 7 przedszkolach Gminy Wroc\u0142aw<\/p>\n<p>W Projekcie zosta\u0142y zaplanowane nast\u0119puj\u0105ce dzia\u0142ania:<\/p>\n<ul>\n<li>uruchomienie 175 nowych miejsc przedszkolnych w 2 przedszkolach Gminy Wroc\u0142aw,<\/li>\n<li>organizacja dodatkowych zaj\u0119\u0107 edukacyjnych i specjalistycznych maj\u0105cych na celu rozw\u00f3j dzieci na wczesnym etapie edukacji \u2013 dla 420 dzieci; do realizacji zaj\u0119\u0107 dodatkowych zostan\u0105 zakupione pomoce dydaktyczne oraz sprz\u0119t specjalistyczny<\/li>\n<li>doskonalenie umiej\u0119tno\u015bci, kompetencji\/kwalifikacji 58 nauczycieli\/ek 7 przedszkoli Gminy Wroc\u0142aw, niezb\u0119dnych do pracy z dzie\u0107mi przedszkolnymi, w tym z dzie\u0107mi ze specjalnymi potrzebami edukacyjnymi i rozwojowymi.<\/li>\n<\/ul>\n<p>Projekt skierowany jest do:<\/p>\n<ul>\n<li>7 przedszkoli z Gminy Wroc\u0142aw,<\/li>\n<li>420 dzieci w wieku przedszkolnym,<\/li>\n<li>58 nauczycieli\/ek zatrudnionych w 7 przedszkolach obj\u0119tych projektem<\/li>\n<\/ul>\n<p>Ca\u0142kowita warto\u015b\u0107 projektu: 8 275 288,70 z\u0142<\/p>\n<p>Kwota dofinansowania: 6 620 230,96 z\u0142<\/p>\n<p>Wk\u0142ad w\u0142asny: 1 655 057,74 z\u0142<\/p>\n<p>&nbsp;<\/p>\n<p>Termin rozpocz\u0119cia realizacji projektu: 01.09.2023 r.<\/p>\n<p>Termin zako\u0144czenia realizacji projektu: 31.01.2026 r.<\/p>\n<p>&nbsp;<\/p>\n<p>Realizator projektu w imieniu Gminy Wroc\u0142aw:<\/p>\n<p>Centrum Kszta\u0142cenia Zawodowego<\/p>\n<p>Projekt realizowany jest w oparciu o Standardy dost\u0119pno\u015bci dla polityki sp\u00f3jno\u015bci 2021-2027 stanowi\u0105ce za\u0142\u0105cznik nr 2 do Wytycznych dotycz\u0105cych realizacji zasad r\u00f3wno\u015bciowych w ramach funduszy unijnych na lata 2021-2027.<\/p>\n<p>Ostateczni odbiorcy projektu maj\u0105 mo\u017cliwo\u015b\u0107 pisemnego zg\u0142aszania do Instytucji Zarz\u0105dzaj\u0105cej podejrzenia o niezgodno\u015b\u0107 Projektu lub dzia\u0142a\u0144 Beneficjenta \/Partnera \/Podmiotu upowa\u017cnionego do ponoszenia wydatk\u00f3w z Konwencj\u0105 o prawach os\u00f3b niepe\u0142nosprawnych sporz\u0105dzon\u0105 w Nowym Jorku dnia 13 grudnia 2006 r. oraz Kart\u0105 Praw Podstawowych Unii Europejskiej z dnia 26 pa\u017adziernika 2012 r.[\/vc_column_text][vc_single_image image=&#8221;2139&#8243; img_size=&#8221;large&#8221; alignment=&#8221;center&#8221; css=&#8221;&#8221;][\/vc_tta_section][\/vc_tta_tabs][\/vc_column][\/vc_row]<\/p>\n<\/div>","protected":false},"excerpt":{"rendered":"<p>[vc_row][vc_column][vc_tta_tabs style=&#8221;modern&#8221; color=&#8221;vista-blue&#8221; active_section=&#8221;1&#8243;][vc_tta_section title=&#8221;Dokumenty&#8221; tab_id=&#8221;1626641527456-680f5531-d8fa&#8221;][vc_column_text css=&#8221;&#8221;]DOKUMENTY NA ROK 2025\/2026 Deklaracja pobytu dziecka w przedszklu 2025-2026 Upowa\u017cnienie do odbioru dziecka (pdf165KB) Wniosek dla rodzin wielodzietnych wniosek o zwolnienie z op\u0142at [&hellip;]<\/p>\n","protected":false},"author":224,"featured_media":0,"parent":0,"menu_order":0,"comment_status":"closed","ping_status":"closed","template":"","meta":{"ngg_post_thumbnail":0,"footnotes":""},"class_list":["post-199","page","type-page","status-publish","hentry","clearfix"],"_links":{"self":[{"href":"https:\/\/przedszkole109.edu.wroclaw.pl\/index.php\/wp-json\/wp\/v2\/pages\/199","targetHints":{"allow":["GET"]}}],"collection":[{"href":"https:\/\/przedszkole109.edu.wroclaw.pl\/index.php\/wp-json\/wp\/v2\/pages"}],"about":[{"href":"https:\/\/przedszkole109.edu.wroclaw.pl\/index.php\/wp-json\/wp\/v2\/types\/page"}],"author":[{"embeddable":true,"href":"https:\/\/przedszkole109.edu.wroclaw.pl\/index.php\/wp-json\/wp\/v2\/users\/224"}],"replies":[{"embeddable":true,"href":"https:\/\/przedszkole109.edu.wroclaw.pl\/index.php\/wp-json\/wp\/v2\/comments?post=199"}],"version-history":[{"count":145,"href":"https:\/\/przedszkole109.edu.wroclaw.pl\/index.php\/wp-json\/wp\/v2\/pages\/199\/revisions"}],"predecessor-version":[{"id":4050,"href":"https:\/\/przedszkole109.edu.wroclaw.pl\/index.php\/wp-json\/wp\/v2\/pages\/199\/revisions\/4050"}],"wp:attachment":[{"href":"https:\/\/przedszkole109.edu.wroclaw.pl\/index.php\/wp-json\/wp\/v2\/media?parent=199"}],"curies":[{"name":"wp","href":"https:\/\/api.w.org\/{rel}","templated":true}]}}