
{"id":49,"date":"2021-06-07T08:36:30","date_gmt":"2021-06-07T06:36:30","guid":{"rendered":"https:\/\/przedszkole109.edu.wroclaw.pl\/?page_id=49"},"modified":"2021-06-07T08:46:01","modified_gmt":"2021-06-07T06:46:01","slug":"rodo","status":"publish","type":"page","link":"https:\/\/przedszkole109.edu.wroclaw.pl\/index.php\/rodo\/","title":{"rendered":"RODO"},"content":{"rendered":"<p><a href=\"https:\/\/przedszkole109.edu.wroclaw.pl\/wp-content\/uploads\/sites\/64\/2021\/06\/RODO-informacje-ogolne.docx\">RODO- informacje og\u00f3lne (docx 14KB)<\/a><br \/>\n<a href=\"https:\/\/przedszkole109.edu.wroclaw.pl\/wp-content\/uploads\/sites\/64\/2021\/06\/Zal.-7.-Klauzula-zlozenie-pisma-w-placowce.docx\">Za\u0142. 7. Klauzula &#8211; z\u0142o\u017cenie pisma w plac\u00f3wce (docx 39KB)<\/a><br \/>\n<a href=\"https:\/\/przedszkole109.edu.wroclaw.pl\/wp-content\/uploads\/sites\/64\/2021\/06\/Zal.-7b.-Klauzula-postepowanie-administracyjne.docx\">Za\u0142. 7b. Klauzula post\u0119powanie administracyjne (docx 38KB)<\/a><br \/>\n<a href=\"https:\/\/przedszkole109.edu.wroclaw.pl\/wp-content\/uploads\/sites\/64\/2021\/06\/Zal.-7c.-Klauzula-korespondencja-elektroniczna.docx\">Za\u0142. 7c. Klauzula &#8211; korespondencja elektroniczna (docx 39KB)<\/a><br \/>\n<a href=\"https:\/\/przedszkole109.edu.wroclaw.pl\/wp-content\/uploads\/sites\/64\/2021\/06\/Zal.-7f.-Klauzula-umowa.docx\">Za\u0142. 7f. Klauzula &#8211; umowa (docx 37KB)<\/a><br \/>\n<a href=\"https:\/\/przedszkole109.edu.wroclaw.pl\/wp-content\/uploads\/sites\/64\/2021\/06\/Zal.-7e.-Klauzula-strona-www.docx\">Za\u0142. 7e. Klauzula &#8211; strona www (docx 37KB)<\/a><br \/>\n<a href=\"https:\/\/przedszkole109.edu.wroclaw.pl\/wp-content\/uploads\/sites\/64\/2021\/06\/Zal.-7g.-Klauzula-zamowienia-publiczne.docx\">Za\u0142. 7g. Klauzula &#8211; zam\u00f3wienia publiczne (docx 39KB)<\/a><br \/>\n<a href=\"https:\/\/przedszkole109.edu.wroclaw.pl\/wp-content\/uploads\/sites\/64\/2021\/06\/Zal.-7j.-Kauzula-wolontariusz.docx\">Za\u0142. 7j. Kauzula &#8211; wolontariusz (docx 39KB)<\/a><br \/>\n<a href=\"https:\/\/przedszkole109.edu.wroclaw.pl\/wp-content\/uploads\/sites\/64\/2021\/06\/Zal.-7h.-Klauzula-umowa-najmu.docx\">Za\u0142. 7h. Klauzula &#8211; umowa najmu (docx 37KB)<\/a><br \/>\n<a href=\"https:\/\/przedszkole109.edu.wroclaw.pl\/wp-content\/uploads\/sites\/64\/2021\/06\/Zal.-7k.-Klauzula-rekrutacja-pracownika.docx\">Za\u0142. 7k. Klauzula &#8211; rekrutacja pracownika (docx 39KB)<\/a><br \/>\n<a href=\"https:\/\/przedszkole109.edu.wroclaw.pl\/wp-content\/uploads\/sites\/64\/2021\/06\/Zal.-7l.-Klauzula-pracownik-nauczyciel.docx\">Za\u0142. 7l. Klauzula &#8211; pracownik &#8211; nauczyciel (docx 40KB)<\/a><br \/>\n<a href=\"https:\/\/przedszkole109.edu.wroclaw.pl\/wp-content\/uploads\/sites\/64\/2021\/06\/Zal.-7n.-Klauzula-edukacja-dziecka-w-placowce.docx\">Za\u0142. 7n. Klauzula &#8211; edukacja dziecka w plac\u00f3wce (docx 41KB)<\/a><a href=\"https:\/\/przedszkole109.edu.wroclaw.pl\/wp-content\/uploads\/sites\/64\/2021\/06\/Zal.-7m.-Klauzula-pracownik-samorzadowy.docx\">Za\u0142. 7m. Klauzula &#8211; pracownik samorz\u0105dowy (docx 39KB)<\/a><br \/>\n<a href=\"https:\/\/przedszkole109.edu.wroclaw.pl\/wp-content\/uploads\/sites\/64\/2021\/06\/Zal.-7p.-Klauzula-opiekun-wycieczki.docx\">Za\u0142. 7p. Klauzula &#8211; opiekun wycieczki (docx 38KB)<\/a><br \/>\n<a href=\"https:\/\/przedszkole109.edu.wroclaw.pl\/wp-content\/uploads\/sites\/64\/2021\/06\/Zal.-7t.-Klauzula-ZFSS.docx\">Za\u0142. 7t. Klauzula ZF\u015aS (docx 37KBKB)<\/a><br \/>\n<a href=\"https:\/\/przedszkole109.edu.wroclaw.pl\/wp-content\/uploads\/sites\/64\/2021\/06\/Zal.-7w.-Klauzula-Fundusz-Zdrowotny.docx\">Za\u0142. 7w. Klauzula &#8211; Fundusz Zdrowotny (docx 37KB)<\/a><br \/>\n<a href=\"https:\/\/przedszkole109.edu.wroclaw.pl\/wp-content\/uploads\/sites\/64\/2021\/06\/Zal.-7u.-Klauzula-praktykanci.docx\">Za\u0142. 7u. Klauzula praktykanci (docx 37KB)<\/a><br \/>\n<a href=\"https:\/\/przedszkole109.edu.wroclaw.pl\/wp-content\/uploads\/sites\/64\/2021\/06\/Zal.-7x.-Klauzula-dla-osob-upowaznionych-do-odbioru-dziecka-z-przedszkola.docx\">Za\u0142. 7x. Klauzula &#8211; dla os\u00f3b upowa\u017cnionych do odbioru dziecka z przedszkola (docx 36KB)<\/a><\/p>\n","protected":false},"excerpt":{"rendered":"<p>RODO- informacje og\u00f3lne (docx 14KB) Za\u0142. 7. Klauzula &#8211; z\u0142o\u017cenie pisma w plac\u00f3wce (docx 39KB) Za\u0142. 7b. Klauzula post\u0119powanie administracyjne (docx 38KB) Za\u0142. 7c. Klauzula &#8211; korespondencja elektroniczna (docx 39KB) [&hellip;]<\/p>\n","protected":false},"author":15,"featured_media":0,"parent":0,"menu_order":0,"comment_status":"closed","ping_status":"closed","template":"","meta":{"ngg_post_thumbnail":0,"footnotes":""},"class_list":["post-49","page","type-page","status-publish","hentry","clearfix"],"_links":{"self":[{"href":"https:\/\/przedszkole109.edu.wroclaw.pl\/index.php\/wp-json\/wp\/v2\/pages\/49","targetHints":{"allow":["GET"]}}],"collection":[{"href":"https:\/\/przedszkole109.edu.wroclaw.pl\/index.php\/wp-json\/wp\/v2\/pages"}],"about":[{"href":"https:\/\/przedszkole109.edu.wroclaw.pl\/index.php\/wp-json\/wp\/v2\/types\/page"}],"author":[{"embeddable":true,"href":"https:\/\/przedszkole109.edu.wroclaw.pl\/index.php\/wp-json\/wp\/v2\/users\/15"}],"replies":[{"embeddable":true,"href":"https:\/\/przedszkole109.edu.wroclaw.pl\/index.php\/wp-json\/wp\/v2\/comments?post=49"}],"version-history":[{"count":3,"href":"https:\/\/przedszkole109.edu.wroclaw.pl\/index.php\/wp-json\/wp\/v2\/pages\/49\/revisions"}],"predecessor-version":[{"id":52,"href":"https:\/\/przedszkole109.edu.wroclaw.pl\/index.php\/wp-json\/wp\/v2\/pages\/49\/revisions\/52"}],"wp:attachment":[{"href":"https:\/\/przedszkole109.edu.wroclaw.pl\/index.php\/wp-json\/wp\/v2\/media?parent=49"}],"curies":[{"name":"wp","href":"https:\/\/api.w.org\/{rel}","templated":true}]}}